{"id":565,"date":"2020-12-16T12:23:25","date_gmt":"2020-12-16T11:23:25","guid":{"rendered":"https:\/\/juden-in-fulda.org\/?page_id=565"},"modified":"2020-12-22T13:45:04","modified_gmt":"2020-12-22T12:45:04","slug":"familie-bachenheimer-bernhard-und-mathilde","status":"publish","type":"page","link":"https:\/\/juden-in-fulda.org\/en\/familie-bachenheimer-bernhard-und-mathilde\/","title":{"rendered":"Family Bachenheimer; Bernhard and Mathilde, n\u00e9e Gruenebaum"},"content":{"rendered":"\n<h4 class=\"wp-block-heading\">Family Origin<\/h4>\n\n\n\n<blockquote class=\"wp-block-quote is-layout-flow wp-block-quote-is-layout-flow\"><p><strong>Bernhard Bachenheimer <\/strong>was born 14.10.1884 in Hallenberg.<br><br>He was married July 28, 1909 to his first wife <strong>Bertha Gruenebaum<\/strong>, born July 6, 1884 in Hellstein, district Gelnhausen. <strong>Bertha <\/strong>died December 15, 1916 in Frankfurt.<br><br>June 27, 1919 he married his second wife&nbsp;<strong>Mathilde Gruenebaum<\/strong>, born&nbsp; September 3, 1891 in Hellstein, district Gelnhausen.<\/p><\/blockquote>\n\n\n\n<p class=\"has-background\" style=\"background-color:#e9e9ee\"><strong>Bernhard <\/strong>and his first wife <strong>Bertha <\/strong>Bachenheimer had three children. All lived on Petersberger Strasse 4.<br><br><strong>Hedwig <\/strong>was born February 9, 1913 in Fulda. On March 6, 1936 she married in Fulda Max Goldmeier, born December 6, 1903 in Uttrichshausen. Their daughter Bertha was born January 5, 1937 in Fulda. The family was able to flee to Arica\/Bolivia on July 4, 1939.<br><br><strong>Zilla <\/strong>was born October 19, 1914 in Fulda and able to flee to England on June 22, 1939.<br><br><strong>Meinold <\/strong>was born March 10, 1916 in Fulda and left Fulda to Haifa\/Palestine on September 5, 1935.<\/p>\n\n\n\n<div class=\"wp-block-columns alignwide is-layout-flex wp-container-core-columns-is-layout-28f84493 wp-block-columns-is-layout-flex\">\n<div class=\"wp-block-column is-vertically-aligned-center is-layout-flow wp-block-column-is-layout-flow\">\n<figure class=\"wp-block-gallery columns-1 is-cropped wp-block-gallery-1 is-layout-flex wp-block-gallery-is-layout-flex\"><ul class=\"blocks-gallery-grid\"><li class=\"blocks-gallery-item\"><figure><a href=\"https:\/\/juden-in-fulda.org\/wp-content\/uploads\/2020\/12\/bachenheimers-fulda-ancestry.co_.uk_.jpg\" data-rel=\"lightbox-image-0\" data-imagelightbox=\"0\" data-rl_title=\"\" data-rl_caption=\"\" title=\"\"><img loading=\"lazy\" decoding=\"async\" width=\"955\" height=\"634\" src=\"https:\/\/juden-in-fulda.org\/wp-content\/uploads\/2020\/12\/bachenheimers-fulda-ancestry.co_.uk_.jpg\" alt=\"1. Reihe: Julius, Johanna Gr\u00fcnebaum und Erich; 2. Reihe: Lothar, Bernhard, Mathilde und Jonas Gr\u00fcnebaum; 3. Reihe: Meinhold, Cecilia (Zilla), Hedwig, Max Goldmeier und Else Gr\u00fcnebaum\" data-id=\"564\" data-full-url=\"https:\/\/juden-in-fulda.org\/wp-content\/uploads\/2020\/12\/bachenheimers-fulda-ancestry.co_.uk_.jpg\" data-link=\"https:\/\/juden-in-fulda.org\/bachenheimers-fulda-ancestry-co-uk\/\" class=\"wp-image-564\" srcset=\"https:\/\/juden-in-fulda.org\/wp-content\/uploads\/2020\/12\/bachenheimers-fulda-ancestry.co_.uk_.jpg 955w, https:\/\/juden-in-fulda.org\/wp-content\/uploads\/2020\/12\/bachenheimers-fulda-ancestry.co_.uk_-300x199.jpg 300w, https:\/\/juden-in-fulda.org\/wp-content\/uploads\/2020\/12\/bachenheimers-fulda-ancestry.co_.uk_-768x510.jpg 768w\" sizes=\"auto, (max-width: 955px) 100vw, 955px\" \/><\/a><figcaption class=\"blocks-gallery-item__caption\"><strong>1. row:<\/strong> Julius, Johanna Gruenebaum and Erich; <strong>2. row:<\/strong> Lothar, Bernhard, Mathilde and Jonas Gruenebaum; <strong>3. row: <\/strong>Meinhold, Cecilia (Zilla), Hedwig, Max Goldmeier and Else Gruenebaum<\/figcaption><\/figure><\/li><\/ul><\/figure>\n<\/div>\n\n\n\n<div class=\"wp-block-column is-vertically-aligned-center is-layout-flow wp-block-column-is-layout-flow\">\n<p><strong>Bernhard <\/strong>and his second wife <strong>Mathilde <\/strong>had four children, all boys.<\/p>\n\n\n\n<p><strong>Lothar<\/strong>, born March 27, 1921 in Fulda. He was arrested at the age of 17 and sent to Buchenwald after Kristallnacht November 10, 1938. On February 6, 1939 he was able to flee to England.<\/p>\n\n\n\n<p><strong>Julius <\/strong>was born February 1, 1923 in Fulda and able to flee to London\/England on February 28, 1939.<\/p>\n\n\n\n<p><strong>Erich <\/strong>was born September 9, 1924 in Fulda and fled to Haifa\/Palestine on March 13, 1939.<\/p>\n\n\n\n<p><strong>Berthold <\/strong>was born May 29, 1927 in Fulda and was able to flee to Tel Aviv\/Palestine on January 4, 1940.<\/p>\n<\/div>\n<\/div>\n\n\n\n<figure class=\"wp-block-gallery columns-1 is-cropped wp-block-gallery-2 is-layout-flex wp-block-gallery-is-layout-flex\"><ul class=\"blocks-gallery-grid\"><li class=\"blocks-gallery-item\"><figure><a href=\"https:\/\/juden-in-fulda.org\/wp-content\/uploads\/2020\/12\/Tannenberg-Wormann-Gottlieb-scaled.jpg\" data-rel=\"lightbox-image-1\" data-imagelightbox=\"1\" data-rl_title=\"\" data-rl_caption=\"\" title=\"\"><img loading=\"lazy\" decoding=\"async\" width=\"1024\" height=\"745\" src=\"https:\/\/juden-in-fulda.org\/wp-content\/uploads\/2020\/12\/Tannenberg-Wormann-Gottlieb-1024x745.jpg\" alt=\"Buchenwald Deportationsliste; Lothar steht unter Nummer 82.\" data-id=\"638\" data-full-url=\"https:\/\/juden-in-fulda.org\/wp-content\/uploads\/2020\/12\/Tannenberg-Wormann-Gottlieb-scaled.jpg\" data-link=\"https:\/\/juden-in-fulda.org\/tannenberg-wormann-gottlieb\/\" class=\"wp-image-638\" srcset=\"https:\/\/juden-in-fulda.org\/wp-content\/uploads\/2020\/12\/Tannenberg-Wormann-Gottlieb-1024x745.jpg 1024w, https:\/\/juden-in-fulda.org\/wp-content\/uploads\/2020\/12\/Tannenberg-Wormann-Gottlieb-300x218.jpg 300w, https:\/\/juden-in-fulda.org\/wp-content\/uploads\/2020\/12\/Tannenberg-Wormann-Gottlieb-768x559.jpg 768w, https:\/\/juden-in-fulda.org\/wp-content\/uploads\/2020\/12\/Tannenberg-Wormann-Gottlieb-2048x1490.jpg 2048w, https:\/\/juden-in-fulda.org\/wp-content\/uploads\/2020\/12\/Tannenberg-Wormann-Gottlieb-scaled.jpg 1920w\" sizes=\"auto, (max-width: 1024px) 100vw, 1024px\" \/><\/a><figcaption class=\"blocks-gallery-item__caption\">Buchenwald deportation list, Lothar is listed under number 82; <em>source Stadtarchiv Fulda<\/em><\/figcaption><\/figure><\/li><\/ul><\/figure>\n\n\n\n<div class=\"wp-block-columns alignwide is-layout-flex wp-container-core-columns-is-layout-28f84493 wp-block-columns-is-layout-flex\">\n<div class=\"wp-block-column is-vertically-aligned-center is-layout-flow wp-block-column-is-layout-flow\">\n<figure class=\"wp-block-gallery columns-1 is-cropped wp-block-gallery-3 is-layout-flex wp-block-gallery-is-layout-flex\"><ul class=\"blocks-gallery-grid\"><li class=\"blocks-gallery-item\"><figure><a href=\"https:\/\/juden-in-fulda.org\/wp-content\/uploads\/2020\/12\/bachenheimer-bernhard-mathilde-ancestry.jpg\" data-rel=\"lightbox-image-2\" data-imagelightbox=\"2\" data-rl_title=\"\" data-rl_caption=\"\" title=\"\"><img loading=\"lazy\" decoding=\"async\" width=\"484\" height=\"634\" src=\"https:\/\/juden-in-fulda.org\/wp-content\/uploads\/2020\/12\/bachenheimer-bernhard-mathilde-ancestry.jpg\" alt=\"Bernhard und Mathilde vor ihrer B\u00e4ckerei in der Petersberger Str. 4 in Fulda.\" data-id=\"563\" data-full-url=\"https:\/\/juden-in-fulda.org\/wp-content\/uploads\/2020\/12\/bachenheimer-bernhard-mathilde-ancestry.jpg\" data-link=\"https:\/\/juden-in-fulda.org\/bachenheimer-bernhard-mathilde-ancestry\/\" class=\"wp-image-563\" srcset=\"https:\/\/juden-in-fulda.org\/wp-content\/uploads\/2020\/12\/bachenheimer-bernhard-mathilde-ancestry.jpg 484w, https:\/\/juden-in-fulda.org\/wp-content\/uploads\/2020\/12\/bachenheimer-bernhard-mathilde-ancestry-229x300.jpg 229w\" sizes=\"auto, (max-width: 484px) 100vw, 484px\" \/><\/a><figcaption class=\"blocks-gallery-item__caption\">Bernhard and Mathilde Bachenheimer in front of their bakery<\/figcaption><\/figure><\/li><\/ul><\/figure>\n<\/div>\n\n\n\n<div class=\"wp-block-column is-vertically-aligned-center is-layout-flow wp-block-column-is-layout-flow\">\n<p><strong>Bernhard <\/strong>Bachenheimer fought during World War I for Germany. Among other places he fought in Galizien and Verdun and was awarded the Iron Class 2nd Class on June 2, 1918.<\/p>\n\n\n\n<p><strong>Bernhard <\/strong>was a master baker and with Mathilde he owned a bakery on Petersberger Strasse 4. But&nbsp;with the seizure of power by the National Socialists, the business was slowly detriorating.<\/p>\n\n\n\n<p>But unlike his children, the couple could not save themselves by emigrating to foreign countries.<\/p>\n<\/div>\n<\/div>\n\n\n\n<div class=\"wp-block-columns alignwide are-vertically-aligned-center is-layout-flex wp-container-core-columns-is-layout-28f84493 wp-block-columns-is-layout-flex\">\n<div class=\"wp-block-column is-vertically-aligned-center is-layout-flow wp-block-column-is-layout-flow\" style=\"flex-basis:33.33%\">\n<p class=\"has-text-align-right\">On December 8, 19141 Bernhard and Mathilde were deported from Fulda to Kassel and from there on December 9, 1941 to Riga.<\/p>\n\n\n\n<p class=\"has-text-align-right\">Bernhard was murdered in 1943 in the Kaiserwald concentration camp, near Riga.<\/p>\n\n\n\n<p class=\"has-text-align-right\">His wife Mathilde was transferred by boat to the Stutthof concentration camp, where she died on December 21, 1944.<\/p>\n<\/div>\n\n\n\n<div class=\"wp-block-column is-vertically-aligned-center is-layout-flow wp-block-column-is-layout-flow\" style=\"flex-basis:66.66%\">\n<figure class=\"wp-block-gallery columns-1 is-cropped wp-block-gallery-4 is-layout-flex wp-block-gallery-is-layout-flex\"><ul class=\"blocks-gallery-grid\"><li class=\"blocks-gallery-item\"><figure><a href=\"https:\/\/juden-in-fulda.org\/wp-content\/uploads\/2020\/12\/bachenheimer-deportationsliste.jpg\" data-rel=\"lightbox-image-3\" data-imagelightbox=\"3\" data-rl_title=\"\" data-rl_caption=\"\" title=\"\"><img loading=\"lazy\" decoding=\"async\" width=\"641\" height=\"898\" src=\"https:\/\/juden-in-fulda.org\/wp-content\/uploads\/2020\/12\/bachenheimer-deportationsliste.jpg\" alt=\"Deportationsliste Kassel-Riga vom 9.12.1941\" data-id=\"562\" data-full-url=\"https:\/\/juden-in-fulda.org\/wp-content\/uploads\/2020\/12\/bachenheimer-deportationsliste.jpg\" data-link=\"https:\/\/juden-in-fulda.org\/bachenheimer-deportationsliste\/\" class=\"wp-image-562\" srcset=\"https:\/\/juden-in-fulda.org\/wp-content\/uploads\/2020\/12\/bachenheimer-deportationsliste.jpg 641w, https:\/\/juden-in-fulda.org\/wp-content\/uploads\/2020\/12\/bachenheimer-deportationsliste-214x300.jpg 214w\" sizes=\"auto, (max-width: 641px) 100vw, 641px\" \/><\/a><figcaption class=\"blocks-gallery-item__caption\">Deportation list from Kassel to Riga, 9.12.1941; <em>source www.statistik-des-holocaust.de<\/em><\/figcaption><\/figure><\/li><\/ul><\/figure>\n<\/div>\n<\/div>\n\n\n\n<h4 class=\"wp-block-heading\">In memory of the Bachenheimer family, summer 1937<\/h4>\n\n\n\n<blockquote class=\"wp-block-quote is-layout-flow wp-block-quote-is-layout-flow\"><p>By Erich Gruenebaum, nephew from Bernhard and Mathilde Bachenheimer.<\/p><\/blockquote>\n\n\n\n<p>One fine day Mama and Hanni left for Frankfurt, there for Hanni to be put on a train for Holland for a visit with the relatives.<\/p>\n\n\n\n<p>When Hanni returned at the end of her several weeks\u2019 visit, she told stories of the enlightened living conditions in Holland. What a great time she had with Aunt Ruth and Uncle Selmar who couldn&#8217;t do enough for her. On the Sabbath, after services, people would linger in front of the Synagogue loudly greeting one another with hearty &#8220;Gut Schabbos&#8221; calls. This would be frowned upon in Germany where any display of Jewishness was strictly forbidden. They visited places and did things that would be unheard of by Jews in our society. Once again how I envied my sister her good fortune.<\/p>\n\n\n\n<p class=\"has-drop-cap has-background\" style=\"background-color:#e9e9e6\">I was however not completely deprived that summer of 1937. While my sister was away in Holland I too had the opportunity to do a little visiting. An acquaintance of my parents&#8217; was traveling through Hellstein one day with some female relatives, on their way to the main highway south of us at W\u00e4chtersbach. They were on their way to Fulda and stopped off on the way to say hello to Mama and Papa.<br><br>Mama&#8217;s ears perked up when she heard Fulda. We had relatives in Fulda, my <strong>Aunt Tillie<\/strong> and her husband <strong>Uncle Bernard Bachenheime<\/strong>r, they owned a bakery in Fulda. Quickly my mother picked up the phone and called the Bachenheimers: &#8220;Can poor little Erich spent a few weeks with you? He is all alone and you have four boys and it would do him so much good!&#8221;<br><br>How could they refuse? I always liked my Bachenheimer cousins, all boys and all older than I.<br><br>Mama crammed some of my clothes into a cardboard carton while the visitors waited. Soon I was sitting on my cardboard box on the floor in the back of the automobile, facing backward out the rear window. I will never forget that automobile trip. I even remember the brand of soap that came in that carton. It was PERSIL, a major brand of washday soap. The entire trip I sat with my body facing backward but my head turned to the front so I could see where we were going. It is no fun to see where you&#8217;ve been, you want to see where you&#8217;re going. For some time after I arrived at my relatives&#8217; house in Fulda I had one world-class stiff neck.<\/p>\n\n\n\n<p class=\"has-drop-cap\">I had a good time during my two weeks&#8217; stay with The Bachenheimers. There were my four boy cousins, Lothar, Julius, Erich and Berthold. Berthold was the youngest, only one year older than I was, and therefore closest to me in age. The bakery was still a going business, although they only had Jewish customers. Actually it was really more of a cafe in that they not only produced their own baked goods but&nbsp;also served light meals. Maybe it was the only kosher restaurant in Fulda. To a little boy from Hellstein it was like entering paradise. My cousin Lothar, the oldest, delighted in showing me around the actual bakeshop, where he served as an apprentice to his father.<\/p>\n\n\n\n<p>Every morning, except on the Sabbath, there was a delivery route to deliver fresh bread to various households. This was Berthold&#8217;s job and while I was there I helped him with his route. We had a little wooden wagon loaded with the bread for the route. The wagon had a handle by which to pull it and the two of us pulled our little wagon, side by side. My Uncle Bernard was of course the master baker. The man must have been of a very patient disposition and gentle nature. I asked him all kinds of stupid questions about how is this done or why is that. I remember him standing by the stove and good humoredly explaining to this ignorant eight or nine year old how one makes the dough for croissants or what are the ingredients of cooked custard or some such technicality.<\/p>\n\n\n\n<p class=\"has-drop-cap has-background\" style=\"background-color:#e9e9e6\">The Bachenheimers were super orthodox people, much more so than my own parents were. I was in awe of their piety. There was no way that any work could possibly be performed on the Sabbath. They had a charcoal stove made just for the purpose of keeping food warm for the weekend. The charcoal was banked and stayed hot without having to be touched. My aunt cooked all the meals and set them on the stove on Fridays. There is no experience like drinking coffee that has been sitting on a hot stove for over fifteen hours.<\/p>\n\n\n\n<figure class=\"wp-block-pullquote is-style-default\"><blockquote><p><em>I enjoyed my vacation in Fulda. The Bachenheimers seemed to have been a very happy family.<\/em><\/p><\/blockquote><\/figure>\n\n\n\n<hr class=\"wp-block-separator\"\/>\n\n\n\n<p><em><em>Many thanks to the family Bachenheimer for providing pictures and documents.<\/em><\/em><\/p>\n","protected":false},"excerpt":{"rendered":"<p>Family Origin Bernhard Bachenheimer was born 14.10.1884 in Hallenberg. He was married July 28, 1909 to his first wife Bertha Gruenebaum, born July 6, 1884 in Hellstein, district Gelnhausen. Bertha died December 15, 1916 in Frankfurt. June 27, 1919 he married his second wife&nbsp;Mathilde Gruenebaum, born&nbsp; September 3, 1891 in Hellstein, district Gelnhausen. Bernhard and [&hellip;]<\/p>\n","protected":false},"author":1,"featured_media":0,"parent":0,"menu_order":0,"comment_status":"closed","ping_status":"closed","template":"","meta":{"pgc_sgb_lightbox_settings":"","footnotes":""},"class_list":["post-565","page","type-page","status-publish","hentry"],"blocksy_meta":{"page_title_panel":"","has_hero_section":"default","807459d82e02cf4f274069652678efde":"","hero_section":"type-1","hero_elements":[{"id":"custom_title","enabled":true,"heading_tag":"h1","title":"Startseite"},{"id":"custom_description","enabled":true,"description_visibility":{"desktop":true,"tablet":true,"mobile":false}},{"id":"custom_meta","enabled":false,"meta_elements":[{"id":"author","enabled":true,"label":"Von","has_author_avatar":"yes","avatar_size":25},{"id":"post_date","enabled":true,"label":"Am","date_format_source":"default","date_format":"M j, Y"},{"id":"comments","enabled":true}],"page_meta_elements":{"joined":true,"articles_count":true,"comments":true}},{"id":"breadcrumbs","enabled":false}],"4fc9fa16c3f2130be10dae9f5d6fd8b8":"","hero_alignment1":"left","hero_alignment2":"center","hero_vertical_alignment":"center","9426cb6730ff3d00ab4f3a96d8035c83":"","hero_structure":"narrow","a39ae9e7d89c195c1353b91c64b8c5f9":"","page_title_bg_type":"featured_image","custom_hero_background":{"attachment_id":null},"parallax":{"desktop":false,"tablet":false,"mobile":false},"67f68ae13a0eda252ce23a270bc05883":"","hero_height":"250px","pageTitleFont":{"family":"Default","variation":"Default","size":{"desktop":"32px","tablet":"30px","mobile":"25px"},"line-height":"CT_CSS_SKIP_RULE","letter-spacing":"CT_CSS_SKIP_RULE","text-transform":"CT_CSS_SKIP_RULE","text-decoration":"CT_CSS_SKIP_RULE"},"pageTitleFontColor":{"default":{"color":"CT_CSS_SKIP_RULEDEFAULT"}},"pageMetaFont":{"family":"Default","variation":"n6","size":"12px","line-height":"1.3","letter-spacing":"CT_CSS_SKIP_RULE","text-transform":"uppercase","text-decoration":"CT_CSS_SKIP_RULE"},"pageMetaFontColor":{"default":{"color":"CT_CSS_SKIP_RULEDEFAULT"},"hover":{"color":"CT_CSS_SKIP_RULEDEFAULT"}},"pageExcerptFont":{"family":"Default","variation":"Default","size":"CT_CSS_SKIP_RULE","line-height":"CT_CSS_SKIP_RULE","letter-spacing":"CT_CSS_SKIP_RULE","text-transform":"CT_CSS_SKIP_RULE","text-decoration":"CT_CSS_SKIP_RULE"},"pageExcerptColor":{"default":{"color":"CT_CSS_SKIP_RULEDEFAULT"}},"breadcrumbsFont":{"family":"Default","variation":"n6","size":"12px","line-height":"CT_CSS_SKIP_RULE","letter-spacing":"CT_CSS_SKIP_RULE","text-transform":"uppercase","text-decoration":"CT_CSS_SKIP_RULE"},"breadcrumbsFontColor":{"default":{"color":"CT_CSS_SKIP_RULEDEFAULT"},"initial":{"color":"CT_CSS_SKIP_RULEDEFAULT"},"hover":{"color":"CT_CSS_SKIP_RULEDEFAULT"}},"pageTitleOverlay":{"default":{"color":"CT_CSS_SKIP_RULE"}},"pageTitleBackground":{"background_type":"color","background_pattern":"type-1","background_image":{"attachment_id":null,"x":0,"y":0},"gradient":"linear-gradient(135deg,rgba(6,147,227,1) 0%,rgb(155,81,224) 100%)","background_repeat":"no-repeat","background_size":"auto","background_attachment":"scroll","patternColor":{"default":{"color":"#e5e7ea"}},"backgroundColor":{"default":{"color":"#EDEFF2"}}},"966ff95132d3204eb84bb604152e7a90":"","page_structure_type":"type-3","content_style":"inherit","vertical_spacing_source":"inherit","content_area_spacing":"both","background":{"background_type":"color","background_pattern":"type-1","background_image":{"attachment_id":null,"x":0,"y":0},"gradient":"linear-gradient(135deg,rgba(6,147,227,1) 0%,rgb(155,81,224) 100%)","background_repeat":"no-repeat","background_size":"auto","background_attachment":"scroll","patternColor":{"default":{"color":"#e5e7ea"}},"backgroundColor":{"default":{"color":"CT_CSS_SKIP_RULE"}}},"content_background":{"background_type":"color","background_pattern":"type-1","background_image":{"attachment_id":null,"x":0,"y":0},"gradient":"linear-gradient(135deg,rgba(6,147,227,1) 0%,rgb(155,81,224) 100%)","background_repeat":"no-repeat","background_size":"auto","background_attachment":"scroll","patternColor":{"default":{"color":"#e5e7ea"}},"backgroundColor":{"default":{"color":"#ffffff"}}},"content_boxed_shadow":{"inherit":false,"blur":18,"spread":-6,"v_offset":12,"h_offset":0,"inset":false,"enable":true,"color":{"color":"rgba(34, 56, 101, 0.04)"}},"boxed_content_spacing":{"desktop":{"top":"40px","bottom":"40px","left":"40px","right":"40px","linked":true},"tablet":{"top":"35px","bottom":"35px","left":"35px","right":"35px","linked":true},"mobile":{"top":"20px","bottom":"20px","left":"20px","right":"20px","linked":true}},"content_boxed_radius":{"top":"3px","bottom":"3px","left":"3px","right":"3px","linked":true},"3ac4297608351d3903f97f8a760df08c":"","disable_featured_image":"no","disable_header":"no","disable_footer":"no","styles_descriptor":{"styles":{"desktop":"","tablet":"","mobile":""},"google_fonts":[],"version":6}},"translation":{"provider":"WPGlobus","version":"3.0.2","language":"en","enabled_languages":["de","en"],"languages":{"de":{"title":true,"content":true,"excerpt":false},"en":{"title":true,"content":true,"excerpt":false}}},"_links":{"self":[{"href":"https:\/\/juden-in-fulda.org\/en\/wp-json\/wp\/v2\/pages\/565","targetHints":{"allow":["GET"]}}],"collection":[{"href":"https:\/\/juden-in-fulda.org\/en\/wp-json\/wp\/v2\/pages"}],"about":[{"href":"https:\/\/juden-in-fulda.org\/en\/wp-json\/wp\/v2\/types\/page"}],"author":[{"embeddable":true,"href":"https:\/\/juden-in-fulda.org\/en\/wp-json\/wp\/v2\/users\/1"}],"replies":[{"embeddable":true,"href":"https:\/\/juden-in-fulda.org\/en\/wp-json\/wp\/v2\/comments?post=565"}],"version-history":[{"count":30,"href":"https:\/\/juden-in-fulda.org\/en\/wp-json\/wp\/v2\/pages\/565\/revisions"}],"predecessor-version":[{"id":1840,"href":"https:\/\/juden-in-fulda.org\/en\/wp-json\/wp\/v2\/pages\/565\/revisions\/1840"}],"wp:attachment":[{"href":"https:\/\/juden-in-fulda.org\/en\/wp-json\/wp\/v2\/media?parent=565"}],"curies":[{"name":"wp","href":"https:\/\/api.w.org\/{rel}","templated":true}]}}