{"id":57,"date":"2020-11-24T13:38:29","date_gmt":"2020-11-24T12:38:29","guid":{"rendered":"http:\/\/juden-in-fulda.org\/?page_id=57"},"modified":"2021-02-17T11:55:54","modified_gmt":"2021-02-17T10:55:54","slug":"impressum","status":"publish","type":"page","link":"https:\/\/juden-in-fulda.org\/en\/impressum\/","title":{"rendered":"Impressum"},"content":{"rendered":"\n<p>www.juden-in-fulda.org<\/p>\n\n\n\n<p>Anja Listmann<br>Von-Schildeck-Str. 13<br>36043 Fulda<br>listmann@juden-in-fulda.org<\/p>\n\n\n\n<h5 class=\"wp-block-heading\">Streitschlichtung<\/h5>\n\n\n\n<p>Die Europ\u00e4ische Kommission stellt eine Plattform zur Online-Streitbeilegung (OS) bereit:&nbsp;<a href=\"https:\/\/ec.europa.eu\/consumers\/odr\" target=\"_blank\" rel=\"noreferrer noopener\">https:\/\/ec.europa.eu\/consumers\/odrIn neuem Fenster \u00f6ffnen<\/a>.<br>Unsere E-Mail-Adresse finden Sie oben im Impressum.<\/p>\n\n\n\n<p>Wir sind nicht bereit oder verpflichtet, an Streitbeilegungsverfahren vor einer Verbraucherschlichtungsstelle teilzunehmen.<\/p>\n\n\n\n<h5 class=\"wp-block-heading\">Haftungsausschluss<\/h5>\n\n\n\n<p>1. Haftungsausschluss f\u00fcr den Inhalt des Webangebotes von www.juden-in-fulda.org<\/p>\n\n\n\n<p>a) Juden-in-Fulda.org \u00fcbernimmt keine Gew\u00e4hr f\u00fcr Aktualit\u00e4t, Vollst\u00e4ndigkeit, Korrektheit oder Qualit\u00e4t der eigenen Inhalte der Internetpr\u00e4sentation. Juden-in-Fulda.org haftet zivil- und strafrechtlich nur f\u00fcr die eigenen Inhalte, die er in dem Internetangebot zur Nutzung bereit h\u00e4lt. Haftungsanspr\u00fcche gegen Juden-in-Fulda.org aufgrund der Nichtnutzung oder Nutzung dieses Angebotes im Hinblick auf materielle oder ideelle Sch\u00e4den sind ausgeschlossen, wenn kein nachweislich vors\u00e4tzliches oder grob fahrl\u00e4ssiges Verschulden vorliegt. Dieses Webangebot ist unverbindlich und Juden-in-Fulda.org beh\u00e4lt sich vor, Juden-in-Fulda.org ohne vorherige Ank\u00fcndigung oder Absprachen zu schlie\u00dfen, in grafischer, inhaltlicher oder technischer Hinsicht zu erg\u00e4nzen oder zu ver\u00e4ndern. Juden-in-Fulda.org \u00fcbernimmt keine Gew\u00e4hr f\u00fcr die Qualit\u00e4t der Suchergebnisse. Juden-in-Fulda.org hat, soweit dies technisch m\u00f6glich war, daf\u00fcr Sorge getragen, dass mit dem Einstellen von News keine rechtswidrigen Inhalte oder Urheberrechtsverletzungen auf die Seite gelangen.<\/p>\n\n\n\n<p>b) Hinweis auf das Urheberrecht<br>Juden-in-Fulda.org ist mit gr\u00f6\u00dftm\u00f6glicher Sorgfalt bem\u00fcht, in allen Inhalten die Urheberrechte von Texten, Grafiken, Animationen sowie Ton- und Videodokumenten zu beachten. S\u00e4mtliche Grafiken und das Design des Webangebotes sind im Auftrag von Juden-in-Fulda.org und beauftragten Dritten entwickelt worden. Alle in diesem Webangebot genannten und m\u00f6glicherweise durch Dritte gesch\u00fctzte Marken- und Warenzeichen unterliegen ohne Einschr\u00e4nkung den Bestimmungen des jeweiligen g\u00fcltigen Kennzeichnungs- und Bestimmungsrechts der jeweiligen Eigent\u00fcmer. Das Copyright f\u00fcr selbst erstellte Texte, Grafiken, Animationen, Video- und Tonsequenzen liegt bei Juden-in-Fulda.org. Eine Vervielf\u00e4ltigung ohne eine ausdr\u00fcckliche schriftliche Zustimmung ist nicht gestattet. Eine kommerzielle Nutzung wird ausgeschlossen.<\/p>\n\n\n\n<p>Soweit die Inhalte auf dieser Seite nicht vom Betreiber erstellt wurden, werden die Urheberrechte Dritter beachtet. Insbesondere werden Inhalte Dritter als solche gekennzeichnet. Sollten Sie trotzdem auf eine Urheberrechtsverletzung aufmerksam werden, bitten wir um einen entsprechenden Hinweis. Bei Bekanntwerden von Rechtsverletzungen werden wir derartige Inhalte umgehend entfernen.<\/p>\n\n\n\n<p>2. Haftung f\u00fcr fremde Inhalte (Hyperlinks und Verweise auf andere Seiten)<\/p>\n\n\n\n<p>Verweise auf andere Seiten, die nicht zu diesem Angebot geh\u00f6ren, sogenannte Hyperlinks, liegen au\u00dferhalb des Verantwortungsbereichs von Juden-in-Fulda.org. Eine Haftung tritt nur dann in Kraft, wenn Juden-in-Fulda.org Kenntnisse \u00fcber die Inhalte der verlinkten Seiten hat und es ihm technisch und zeitlich zumutbar ist, diese Nutzung fremder rechtswidriger Inhalte zu verhindern. Juden-in-Fulda.org hat bei der erstmaligen Verkn\u00fcpfung mit den anderen Internetangebote die fremden Inhalte daraufhin gepr\u00fcft, ob durch sie eine m\u00f6gliche zivilrechtliche oder strafrechtliche Verantwortlichkeit ausgel\u00f6st wird. Hiermit erkl\u00e4rt Juden-in-Fulda.org&nbsp; ausdr\u00fccklich, dass zu den Zeitpunkten der Einbindung von Hyperlinks keine rechtswidrigen Inhalte auf den verlinkten Seiten erkennbar waren. Sobald Juden-in-Fulda.org selbst feststellt oder von anderen darauf hingewiesen wird, dass ein bestimmtes Angebot, zu dem ein Link bereit gestellt wurde, eine zivil- oder strafrechtliche Verantwortlichkeit ausl\u00f6st, wird Juden-in-Fulda.org den Verweis auf dieses Angebot unverz\u00fcglich aufheben, soweit dies technisch m\u00f6glich und zumutbar ist.&nbsp; F\u00fcr illegale, fehlerhafte oder unvollst\u00e4ndige Inhalt und insbesondere Sch\u00e4den, die aus der Nutzung oder Nichtnutzung von Informationen Dritter entstehen, haftet allein der jeweilige Anbieter der Seite, auf welche verwiesen wird.<\/p>\n\n\n\n<p>3. Rechtswirksamkeit des Haftungsausschlusses<\/p>\n\n\n\n<p>Dieser Haftungsausschluss gilt f\u00fcr das gesamte Webangebot von Juden-in-Fulda.org<\/p>\n","protected":false},"excerpt":{"rendered":"<p>www.juden-in-fulda.org Anja ListmannVon-Schildeck-Str. 1336043 Fuldalistmann@juden-in-fulda.org Streitschlichtung Die Europ\u00e4ische Kommission stellt eine Plattform zur Online-Streitbeilegung (OS) bereit:&nbsp;https:\/\/ec.europa.eu\/consumers\/odrIn neuem Fenster \u00f6ffnen.Unsere E-Mail-Adresse finden Sie oben im Impressum. Wir sind nicht bereit oder verpflichtet, an Streitbeilegungsverfahren vor einer Verbraucherschlichtungsstelle teilzunehmen. Haftungsausschluss 1. Haftungsausschluss f\u00fcr den Inhalt des Webangebotes von www.juden-in-fulda.org a) Juden-in-Fulda.org \u00fcbernimmt keine Gew\u00e4hr f\u00fcr Aktualit\u00e4t, Vollst\u00e4ndigkeit, [&hellip;]<\/p>\n","protected":false},"author":1,"featured_media":0,"parent":0,"menu_order":0,"comment_status":"closed","ping_status":"closed","template":"","meta":{"pgc_sgb_lightbox_settings":"","footnotes":""},"class_list":["post-57","page","type-page","status-publish","hentry"],"blocksy_meta":{"page_title_panel":"","has_hero_section":"default","6f90fe9e4def683ffd9e496a304ec789":"","hero_section":"type-1","hero_elements":[{"id":"custom_title","enabled":true,"heading_tag":"h1","title":"Startseite"},{"id":"custom_description","enabled":true,"description_visibility":{"desktop":true,"tablet":true,"mobile":false}},{"id":"custom_meta","enabled":false,"meta_elements":[{"id":"author","enabled":true,"label":"Von","has_author_avatar":"yes","avatar_size":25},{"id":"post_date","enabled":true,"label":"Am","date_format_source":"default","date_format":"M j, Y"},{"id":"comments","enabled":true}],"page_meta_elements":{"joined":true,"articles_count":true,"comments":true}},{"id":"breadcrumbs","enabled":false}],"ccceeaf206d7ad42cb8236e433b75afa":"","hero_alignment1":"left","hero_margin":{"desktop":50,"tablet":30,"mobile":30},"hero_alignment2":"center","hero_vertical_alignment":"center","d5cb1a9de32f5592f02a84acd9da88aa":"","hero_structure":"narrow","72b34e1ac9cc08561f6ba1caf3696511":"","page_title_bg_type":"featured_image","custom_hero_background":{"attachment_id":null},"parallax":{"desktop":false,"tablet":false,"mobile":false},"b866a62e521c403cda4f10aa8314db8a":"","hero_height":"250px","pageTitleFont":{"family":"Default","variation":"Default","size":{"desktop":"32px","tablet":"30px","mobile":"25px"},"line-height":"CT_CSS_SKIP_RULE","letter-spacing":"CT_CSS_SKIP_RULE","text-transform":"CT_CSS_SKIP_RULE","text-decoration":"CT_CSS_SKIP_RULE"},"pageTitleFontColor":{"default":{"color":"CT_CSS_SKIP_RULEDEFAULT"}},"pageMetaFont":{"family":"Default","variation":"n6","size":"12px","line-height":"1.3","letter-spacing":"CT_CSS_SKIP_RULE","text-transform":"uppercase","text-decoration":"CT_CSS_SKIP_RULE"},"pageMetaFontColor":{"default":{"color":"CT_CSS_SKIP_RULEDEFAULT"},"hover":{"color":"CT_CSS_SKIP_RULEDEFAULT"}},"pageExcerptFont":{"family":"Default","variation":"Default","size":"CT_CSS_SKIP_RULE","line-height":"CT_CSS_SKIP_RULE","letter-spacing":"CT_CSS_SKIP_RULE","text-transform":"CT_CSS_SKIP_RULE","text-decoration":"CT_CSS_SKIP_RULE"},"pageExcerptColor":{"default":{"color":"CT_CSS_SKIP_RULEDEFAULT"}},"breadcrumbsFont":{"family":"Default","variation":"n6","size":"12px","line-height":"CT_CSS_SKIP_RULE","letter-spacing":"CT_CSS_SKIP_RULE","text-transform":"uppercase","text-decoration":"CT_CSS_SKIP_RULE"},"breadcrumbsFontColor":{"default":{"color":"CT_CSS_SKIP_RULEDEFAULT"},"initial":{"color":"CT_CSS_SKIP_RULEDEFAULT"},"hover":{"color":"CT_CSS_SKIP_RULEDEFAULT"}},"pageTitleOverlay":{"default":{"color":"CT_CSS_SKIP_RULE"}},"pageTitleBackground":{"background_type":"color","background_pattern":"type-1","background_image":{"attachment_id":null,"x":0,"y":0},"gradient":"linear-gradient(135deg,rgba(6,147,227,1) 0%,rgb(155,81,224) 100%)","background_repeat":"no-repeat","background_size":"auto","background_attachment":"scroll","patternColor":{"default":{"color":"#e5e7ea"}},"overlayColor":{"default":{"color":"CT_CSS_SKIP_RULE"}},"backgroundColor":{"default":{"color":"#EDEFF2"}}},"a92156d5ed4749d743d91326c32aaa6b":"","page_structure_type":"type-3","content_style":"inherit","vertical_spacing_source":"inherit","content_area_spacing":"both","background":{"background_type":"color","background_pattern":"type-1","background_image":{"attachment_id":null,"x":0,"y":0},"gradient":"linear-gradient(135deg,rgba(6,147,227,1) 0%,rgb(155,81,224) 100%)","background_repeat":"no-repeat","background_size":"auto","background_attachment":"scroll","patternColor":{"default":{"color":"#e5e7ea"}},"overlayColor":{"default":{"color":"CT_CSS_SKIP_RULE"}},"backgroundColor":{"default":{"color":"CT_CSS_SKIP_RULE"}}},"content_background":{"background_type":"color","background_pattern":"type-1","background_image":{"attachment_id":null,"x":0,"y":0},"gradient":"linear-gradient(135deg,rgba(6,147,227,1) 0%,rgb(155,81,224) 100%)","background_repeat":"no-repeat","background_size":"auto","background_attachment":"scroll","patternColor":{"default":{"color":"#e5e7ea"}},"overlayColor":{"default":{"color":"CT_CSS_SKIP_RULE"}},"backgroundColor":{"default":{"color":"#ffffff"}}},"content_boxed_shadow":{"inherit":false,"blur":18,"spread":-6,"v_offset":12,"h_offset":0,"inset":false,"enable":true,"color":{"color":"rgba(34, 56, 101, 0.04)"}},"boxed_content_spacing":{"desktop":{"top":"40px","bottom":"40px","left":"40px","right":"40px","linked":true},"tablet":{"top":"35px","bottom":"35px","left":"35px","right":"35px","linked":true},"mobile":{"top":"20px","bottom":"20px","left":"20px","right":"20px","linked":true}},"content_boxed_radius":{"top":"3px","bottom":"3px","left":"3px","right":"3px","linked":true},"a37b03fe729c0344e396e3b1bd4752ee":"","disable_featured_image":"no","disable_header":"no","disable_footer":"no","styles_descriptor":{"styles":{"desktop":"","tablet":"","mobile":""},"google_fonts":[],"version":6}},"translation":{"provider":"WPGlobus","version":"3.0.2","language":"en","enabled_languages":["de","en"],"languages":{"de":{"title":true,"content":true,"excerpt":false},"en":{"title":false,"content":false,"excerpt":false}}},"_links":{"self":[{"href":"https:\/\/juden-in-fulda.org\/en\/wp-json\/wp\/v2\/pages\/57","targetHints":{"allow":["GET"]}}],"collection":[{"href":"https:\/\/juden-in-fulda.org\/en\/wp-json\/wp\/v2\/pages"}],"about":[{"href":"https:\/\/juden-in-fulda.org\/en\/wp-json\/wp\/v2\/types\/page"}],"author":[{"embeddable":true,"href":"https:\/\/juden-in-fulda.org\/en\/wp-json\/wp\/v2\/users\/1"}],"replies":[{"embeddable":true,"href":"https:\/\/juden-in-fulda.org\/en\/wp-json\/wp\/v2\/comments?post=57"}],"version-history":[{"count":3,"href":"https:\/\/juden-in-fulda.org\/en\/wp-json\/wp\/v2\/pages\/57\/revisions"}],"predecessor-version":[{"id":2130,"href":"https:\/\/juden-in-fulda.org\/en\/wp-json\/wp\/v2\/pages\/57\/revisions\/2130"}],"wp:attachment":[{"href":"https:\/\/juden-in-fulda.org\/en\/wp-json\/wp\/v2\/media?parent=57"}],"curies":[{"name":"wp","href":"https:\/\/api.w.org\/{rel}","templated":true}]}}